{"id":46,"date":"2024-11-25T16:26:40","date_gmt":"2024-11-25T16:26:40","guid":{"rendered":"https:\/\/liza.andreweihrauch.de\/?page_id=46"},"modified":"2024-12-01T14:34:07","modified_gmt":"2024-12-01T14:34:07","slug":"kurse-und-kalender","status":"publish","type":"page","link":"https:\/\/liza.andreweihrauch.de\/?page_id=46","title":{"rendered":"Kurse und Kalender"},"content":{"rendered":"<p>[et_pb_section fb_built=&#8220;1&#8243; custom_padding_last_edited=&#8220;on|desktop&#8220; admin_label=&#8220;Header&#8220; _builder_version=&#8220;4.16&#8243; background_color=&#8220;#ffffda&#8220; background_image=&#8220;https:\/\/liza.andreweihrauch.de\/wp-content\/uploads\/2024\/11\/home-improvement-65.jpg&#8220; parallax=&#8220;on&#8220; custom_padding=&#8220;10vw||12vw||false|false&#8220; custom_padding_tablet=&#8220;||70px&#8220; custom_padding_phone=&#8220;&#8220; locked=&#8220;off&#8220; global_colors_info=&#8220;{}&#8220;][et_pb_row column_structure=&#8220;1_2,1_2&#8243; _builder_version=&#8220;4.16&#8243; global_colors_info=&#8220;{}&#8220;][et_pb_column type=&#8220;1_2&#8243; _builder_version=&#8220;4.16&#8243; custom_padding=&#8220;|||&#8220; custom_padding_tablet=&#8220;0px|||&#8220; custom_padding_phone=&#8220;0px|||&#8220; custom_padding_last_edited=&#8220;on|tablet&#8220; global_colors_info=&#8220;{}&#8220; custom_padding__hover=&#8220;|||&#8220;][et_pb_text _builder_version=&#8220;4.16&#8243; text_font=&#8220;||||||||&#8220; text_font_size=&#8220;18px&#8220; text_line_height=&#8220;2em&#8220; header_font=&#8220;Limelight||||||||&#8220; header_font_size=&#8220;100px&#8220; header_line_height=&#8220;1.2em&#8220; background_layout=&#8220;dark&#8220; custom_margin=&#8220;||60px&#8220; text_font_size_tablet=&#8220;&#8220; text_font_size_phone=&#8220;14px&#8220; text_font_size_last_edited=&#8220;on|phone&#8220; header_font_size_tablet=&#8220;40px&#8220; header_font_size_phone=&#8220;35px&#8220; header_font_size_last_edited=&#8220;on|phone&#8220; global_colors_info=&#8220;{}&#8220;]<\/p>\n<h1>Kurse<\/h1>\n<p><span>Meine liebevoll gestalteten Kurse bieten eine wunderbare Gelegenheit, die Entwicklung und das Wohlbefinden Ihres Kindes zu f\u00f6rdern. Von sanften Massagetechniken f\u00fcr die Kleinsten bis hin zu spielerischen \u00dcbungen f\u00fcr die etwas \u00c4lteren\u00a0<\/span><\/p>\n<p>[\/et_pb_text][\/et_pb_column][et_pb_column type=&#8220;1_2&#8243; _builder_version=&#8220;4.16&#8243; custom_padding=&#8220;|||&#8220; global_colors_info=&#8220;{}&#8220; custom_padding__hover=&#8220;|||&#8220;][et_pb_image src=&#8220;https:\/\/liza.andreweihrauch.de\/wp-content\/uploads\/2024\/12\/stapelsteine.jpg&#8220; title_text=&#8220;stapelsteine&#8220; align=&#8220;right&#8220; _builder_version=&#8220;4.27.4&#8243; transform_scale=&#8220;135%|135%&#8220; transform_scale_tablet=&#8220;100%|100%&#8220; transform_scale_phone=&#8220;&#8220; transform_scale_last_edited=&#8220;on|tablet&#8220; transform_translate=&#8220;0px|-30px&#8220; transform_translate_tablet=&#8220;0px|0px&#8220; transform_translate_phone=&#8220;&#8220; transform_translate_last_edited=&#8220;on|desktop&#8220; transform_rotate_tablet=&#8220;&#8220; transform_rotate_phone=&#8220;&#8220; transform_rotate_last_edited=&#8220;on|desktop&#8220; transform_skew_tablet=&#8220;&#8220; transform_skew_phone=&#8220;&#8220; transform_skew_last_edited=&#8220;on|desktop&#8220; transform_origin=&#8220;0%|0%&#8220; transform_origin_tablet=&#8220;&#8220; transform_origin_phone=&#8220;0%|0%&#8220; transform_origin_last_edited=&#8220;on|desktop&#8220; transform_styles_last_edited=&#8220;on|tablet&#8220; hover_enabled=&#8220;0&#8243; transform_styles_tablet=&#8220;&#8220; transform_styles_phone=&#8220;&#8220; border_width_all=&#8220;25px&#8220; border_color_all=&#8220;#ffffff&#8220; box_shadow_style=&#8220;preset1&#8243; box_shadow_vertical=&#8220;60px&#8220; box_shadow_blur=&#8220;80px&#8220; box_shadow_spread=&#8220;-10px&#8220; box_shadow_color=&#8220;rgba(9,0,71,0.15)&#8220; always_center_on_mobile=&#8220;off&#8220; locked=&#8220;off&#8220; global_colors_info=&#8220;{}&#8220; sticky_enabled=&#8220;0&#8243;][\/et_pb_image][\/et_pb_column][\/et_pb_row][\/et_pb_section][et_pb_section fb_built=&#8220;1&#8243; admin_label=&#8220;About Us&#8220; _builder_version=&#8220;4.16&#8243; background_color=&#8220;#980068&#8243; global_colors_info=&#8220;{}&#8220;][et_pb_row _builder_version=&#8220;4.16&#8243; locked=&#8220;off&#8220; global_colors_info=&#8220;{}&#8220;][et_pb_column type=&#8220;4_4&#8243; _builder_version=&#8220;4.16&#8243; custom_padding=&#8220;|||&#8220; global_colors_info=&#8220;{}&#8220; custom_padding__hover=&#8220;|||&#8220;][et_pb_text _builder_version=&#8220;4.16&#8243; text_font=&#8220;||||||||&#8220; text_font_size=&#8220;18px&#8220; text_line_height=&#8220;2em&#8220; header_2_font=&#8220;Limelight||||||||&#8220; header_2_font_size=&#8220;60px&#8220; header_2_line_height=&#8220;1.2em&#8220; background_layout=&#8220;dark&#8220; max_width=&#8220;800px&#8220; text_font_size_tablet=&#8220;&#8220; text_font_size_phone=&#8220;14px&#8220; text_font_size_last_edited=&#8220;on|phone&#8220; header_2_font_size_tablet=&#8220;36px&#8220; header_2_font_size_phone=&#8220;30px&#8220; header_2_font_size_last_edited=&#8220;on|phone&#8220; global_colors_info=&#8220;{}&#8220; header_font_size__hover=&#8220;30px&#8220; header_font_size__hover_enabled=&#8220;30px&#8220; header_letter_spacing__hover=&#8220;0px&#8220; header_letter_spacing__hover_enabled=&#8220;0px&#8220; header_text_shadow_style__hover=&#8220;none&#8220; header_text_shadow_style__hover_enabled=&#8220;none&#8220; header_text_shadow_color__hover=&#8220;rgba(0,0,0,0.4)&#8220; header_text_shadow_color__hover_enabled=&#8220;rgba(0,0,0,0.4)&#8220;]<\/p>\n<h2>Aktuelle Kurse<\/h2>\n<p>[\/et_pb_text][\/et_pb_column][\/et_pb_row][et_pb_row column_structure=&#8220;1_2,1_2&#8243; _builder_version=&#8220;4.16&#8243; global_colors_info=&#8220;{}&#8220; custom_padding=&#8220;0px|||||&#8220; min_height=&#8220;1076px&#8220;][et_pb_column type=&#8220;1_2&#8243; _builder_version=&#8220;4.16&#8243; custom_padding=&#8220;|||&#8220; global_colors_info=&#8220;{}&#8220; custom_padding__hover=&#8220;|||&#8220;][et_pb_text _builder_version=&#8220;4.16&#8243; text_font=&#8220;||||||||&#8220; text_font_size=&#8220;18px&#8220; text_line_height=&#8220;2em&#8220; header_2_font=&#8220;Limelight||||||||&#8220; header_2_font_size=&#8220;60px&#8220; header_2_line_height=&#8220;1.2em&#8220; background_layout=&#8220;dark&#8220; max_width=&#8220;800px&#8220; text_font_size_tablet=&#8220;&#8220; text_font_size_phone=&#8220;14px&#8220; text_font_size_last_edited=&#8220;on|phone&#8220; header_2_font_size_tablet=&#8220;36px&#8220; header_2_font_size_phone=&#8220;30px&#8220; header_2_font_size_last_edited=&#8220;on|phone&#8220; locked=&#8220;off&#8220; global_colors_info=&#8220;{}&#8220; header_font_size__hover=&#8220;30px&#8220; header_font_size__hover_enabled=&#8220;30px&#8220; header_letter_spacing__hover=&#8220;0px&#8220; header_letter_spacing__hover_enabled=&#8220;0px&#8220; header_text_shadow_style__hover=&#8220;none&#8220; header_text_shadow_style__hover_enabled=&#8220;none&#8220; header_text_shadow_color__hover=&#8220;rgba(0,0,0,0.4)&#8220; header_text_shadow_color__hover_enabled=&#8220;rgba(0,0,0,0.4)&#8220;]<\/p>\n<p><strong>Babymassage Kurs<\/strong>: <br \/>Mein Babymassage Kurs richtet sich an Babys ab 6 Wochen bis maximal 6 Monate. In einer ruhigen und entspannten Atmosph\u00e4re lernen Sie, wie Sie durch sanfte Massagetechniken die Bindung zu Ihrem Baby st\u00e4rken und gleichzeitig dessen Wohlbefinden f\u00f6rdern k\u00f6nnen. Die Babymassage hilft, Koliken zu lindern, den Schlaf zu verbessern und die allgemeine Entspannung zu f\u00f6rdern.<\/p>\n<p>&nbsp;<\/p>\n<p>[\/et_pb_text][et_pb_divider _builder_version=&#8220;4.27.4&#8243; _module_preset=&#8220;default&#8220; hover_enabled=&#8220;0&#8243; sticky_enabled=&#8220;0&#8243;][\/et_pb_divider][et_pb_heading title=&#8220;Kurse und Zeiten&#8220; _builder_version=&#8220;4.27.4&#8243; _module_preset=&#8220;default&#8220; hover_enabled=&#8220;0&#8243; sticky_enabled=&#8220;0&#8243; title_text_color=&#8220;#1abf98&#8243;][\/et_pb_heading][et_pb_text _builder_version=&#8220;4.27.4&#8243; text_font=&#8220;||||||||&#8220; text_font_size=&#8220;18px&#8220; text_line_height=&#8220;2em&#8220; header_2_font=&#8220;Limelight||||||||&#8220; header_2_font_size=&#8220;60px&#8220; header_2_line_height=&#8220;1.2em&#8220; background_layout=&#8220;dark&#8220; max_width=&#8220;800px&#8220; hover_enabled=&#8220;0&#8243; text_font_size_tablet=&#8220;&#8220; text_font_size_phone=&#8220;14px&#8220; text_font_size_last_edited=&#8220;on|phone&#8220; header_2_font_size_tablet=&#8220;36px&#8220; header_2_font_size_phone=&#8220;30px&#8220; header_2_font_size_last_edited=&#8220;on|phone&#8220; locked=&#8220;off&#8220; global_colors_info=&#8220;{}&#8220; header_font_size__hover=&#8220;30px&#8220; header_font_size__hover_enabled=&#8220;30px&#8220; header_letter_spacing__hover=&#8220;0px&#8220; header_letter_spacing__hover_enabled=&#8220;0px&#8220; header_text_shadow_style__hover=&#8220;none&#8220; header_text_shadow_style__hover_enabled=&#8220;none&#8220; header_text_shadow_color__hover=&#8220;rgba(0,0,0,0.4)&#8220; header_text_shadow_color__hover_enabled=&#8220;rgba(0,0,0,0.4)&#8220; admin_label=&#8220;Text&#8220; sticky_enabled=&#8220;0&#8243;]<\/p>\n<p><strong>Termine in Paderborn (Paderwall 13, 33102 Paderborn)<\/strong><br \/><strong>Zeit 1\u00a0<\/strong>\u00a0 \u00a0 \u00a010:15-11:00 Uhr<br \/><strong>Zeit 2<\/strong>\u00a0 \u00a0 \u00a0 11:15-12:00 Uhr<\/p>\n<p><strong>Kurs 1\u00a0 \u00a0 <\/strong>\u00a06.1. | 13.1. | 20.1. | 27.2. | 3.2.<br \/><strong>Kurs 2<\/strong>\u00a0 \u00a0 \u00a024.2. | 3.3. | 10.3. | 17.3. | 24.3.<br \/><strong>Kurs 3<\/strong>\u00a0 \u00a0 \u00a014.4. | 28.4. | 5.5. | 12.5. | 19.5.<br \/><strong>Kurs 4<\/strong>\u00a0 \u00a0 \u00a013.6. | 16.6. | 23.6. | 30.6. | 7.7.<\/p>\n<hr \/>\n<p><strong>Termine in Elsen (Urbanstra\u00dfe 22, 33106 Paderborn)<\/strong><br \/><strong>Zeit 1<\/strong>\u00a0 \u00a0 \u00a0 14:00 &#8211; 14:45 Uhr<br \/><strong>Zeit 2<\/strong>\u00a0 \u00a0 \u00a0 16:15 &#8211; 17:00 Uhr (mit Papa)<\/p>\n<p><strong>Kurs 1<\/strong>\u00a0 \u00a0 \u00a02.1. | 9.1. | 16.1. | 23.1. | 30.1.<br \/><strong>Kurs 2<\/strong>\u00a0 \u00a0 \u00a020.2. | 27.2. | 6.3. | 13.3. | 20.3.<br \/><strong>Kurs 3<\/strong>\u00a0 \u00a0 \u00a010.4. | 17.4. | 24.4. | 8.5. | 15.5.<br \/><strong>Kurs 4<\/strong>\u00a0 \u00a0 \u00a05.6. | 12.6. | 26.6. | 3.7. | 10.7.<\/p>\n<p>[\/et_pb_text][\/et_pb_column][et_pb_column type=&#8220;1_2&#8243; _builder_version=&#8220;4.16&#8243; custom_padding=&#8220;|||&#8220; global_colors_info=&#8220;{}&#8220; custom_padding__hover=&#8220;|||&#8220;][et_pb_text _builder_version=&#8220;4.27.4&#8243; text_font=&#8220;||||||||&#8220; text_font_size=&#8220;18px&#8220; text_line_height=&#8220;2em&#8220; header_2_font=&#8220;Limelight||||||||&#8220; header_2_font_size=&#8220;60px&#8220; header_2_line_height=&#8220;1.2em&#8220; background_layout=&#8220;dark&#8220; max_width=&#8220;800px&#8220; hover_enabled=&#8220;0&#8243; text_font_size_tablet=&#8220;&#8220; text_font_size_phone=&#8220;14px&#8220; text_font_size_last_edited=&#8220;on|phone&#8220; header_2_font_size_tablet=&#8220;36px&#8220; header_2_font_size_phone=&#8220;30px&#8220; header_2_font_size_last_edited=&#8220;on|phone&#8220; locked=&#8220;off&#8220; global_colors_info=&#8220;{}&#8220; header_font_size__hover=&#8220;30px&#8220; header_font_size__hover_enabled=&#8220;30px&#8220; header_letter_spacing__hover=&#8220;0px&#8220; header_letter_spacing__hover_enabled=&#8220;0px&#8220; header_text_shadow_style__hover=&#8220;none&#8220; header_text_shadow_style__hover_enabled=&#8220;none&#8220; header_text_shadow_color__hover=&#8220;rgba(0,0,0,0.4)&#8220; header_text_shadow_color__hover_enabled=&#8220;rgba(0,0,0,0.4)&#8220; sticky_enabled=&#8220;0&#8243;]<\/p>\n<p><strong>Kinder Fit Kurs<\/strong>:<br \/>Mein Kinder Fit Kurs ist speziell f\u00fcr Kinder die schon krabblen bis zum Alter von 3 Jahren konzipiert. In diesem Kurs f\u00f6rdern wir die motorischen F\u00e4higkeiten und die k\u00f6rperliche Fitness der Kleinen durch spielerische \u00dcbungen und Aktivit\u00e4ten. Gemeinsam entdecken wir die Freude an Bewegung und unterst\u00fctzen die gesunde Entwicklung Ihres Kindes.<\/p>\n<p>&nbsp;<\/p>\n<p>[\/et_pb_text][et_pb_divider _builder_version=&#8220;4.27.4&#8243; _module_preset=&#8220;default&#8220; hover_enabled=&#8220;0&#8243; sticky_enabled=&#8220;0&#8243;][\/et_pb_divider][et_pb_heading title=&#8220;Kurse und Zeiten&#8220; _builder_version=&#8220;4.27.4&#8243; _module_preset=&#8220;default&#8220; hover_enabled=&#8220;0&#8243; sticky_enabled=&#8220;0&#8243; admin_label=&#8220;\u00dcberschrift H1&#8243; title_text_color=&#8220;#1abf98&#8243;][\/et_pb_heading][et_pb_text _builder_version=&#8220;4.27.4&#8243; text_font=&#8220;||||||||&#8220; text_font_size=&#8220;18px&#8220; text_line_height=&#8220;2em&#8220; header_2_font=&#8220;Limelight||||||||&#8220; header_2_font_size=&#8220;60px&#8220; header_2_line_height=&#8220;1.2em&#8220; background_layout=&#8220;dark&#8220; max_width=&#8220;800px&#8220; hover_enabled=&#8220;0&#8243; text_font_size_tablet=&#8220;&#8220; text_font_size_phone=&#8220;14px&#8220; text_font_size_last_edited=&#8220;on|phone&#8220; header_2_font_size_tablet=&#8220;36px&#8220; header_2_font_size_phone=&#8220;30px&#8220; header_2_font_size_last_edited=&#8220;on|phone&#8220; locked=&#8220;off&#8220; global_colors_info=&#8220;{}&#8220; header_font_size__hover=&#8220;30px&#8220; header_font_size__hover_enabled=&#8220;30px&#8220; header_letter_spacing__hover=&#8220;0px&#8220; header_letter_spacing__hover_enabled=&#8220;0px&#8220; header_text_shadow_style__hover=&#8220;none&#8220; header_text_shadow_style__hover_enabled=&#8220;none&#8220; header_text_shadow_color__hover=&#8220;rgba(0,0,0,0.4)&#8220; header_text_shadow_color__hover_enabled=&#8220;rgba(0,0,0,0.4)&#8220; sticky_enabled=&#8220;0&#8243;]<\/p>\n<p><strong><span style=\"font-size: 18px;\">Termine in Elsen (Urbanstra\u00dfe 22, 33106 Paderborn)<br \/><\/span><\/strong><strong>Zeit\u00a0 \u00a0 \u00a0 \u00a0 \u00a0<\/strong>15:00 &#8211; 15:45 Uhr<\/p>\n<p><strong>Kurs 1\u00a0<\/strong> \u00a0 \u00a02.1. | 9.1. | 16.1. | 23.1. | 30.1.<br \/><strong>Kurs 2<\/strong>\u00a0 \u00a0 \u00a020.2. | 27.2. | 6.3. | 13.3. | 20.3.<br \/><strong>Kurs 3<\/strong>\u00a0 \u00a0 \u00a010.4. | 17.4. | 24.4. | 8.5. | 15.5.<br \/><strong>Kurs 4<\/strong>\u00a0 \u00a0 \u00a05.6. | 12.6. | 26.6. | 3.7. | 10.7.<\/p>\n<hr \/>\n<p><strong>Termine in Paderborn (Paderwall 13, 33102 Paderborn)<\/strong><br \/>in Vorbereitung<\/p>\n<p>[\/et_pb_text][\/et_pb_column][\/et_pb_row][\/et_pb_section]<\/p>\n","protected":false},"excerpt":{"rendered":"<p>Kurse Meine liebevoll gestalteten Kurse bieten eine wunderbare Gelegenheit, die Entwicklung und das Wohlbefinden Ihres Kindes zu f\u00f6rdern. Von sanften Massagetechniken f\u00fcr die Kleinsten bis hin zu spielerischen \u00dcbungen f\u00fcr die etwas \u00c4lteren\u00a0Aktuelle KurseBabymassage Kurs: Mein Babymassage Kurs richtet sich an Babys ab 6 Wochen bis maximal 6 Monate. In einer ruhigen und entspannten Atmosph\u00e4re [&hellip;]<\/p>\n","protected":false},"author":1,"featured_media":0,"parent":0,"menu_order":0,"comment_status":"closed","ping_status":"closed","template":"","meta":{"_et_pb_use_builder":"on","_et_pb_old_content":"","_et_gb_content_width":"","footnotes":""},"class_list":["post-46","page","type-page","status-publish","hentry"],"_links":{"self":[{"href":"https:\/\/liza.andreweihrauch.de\/index.php?rest_route=\/wp\/v2\/pages\/46","targetHints":{"allow":["GET"]}}],"collection":[{"href":"https:\/\/liza.andreweihrauch.de\/index.php?rest_route=\/wp\/v2\/pages"}],"about":[{"href":"https:\/\/liza.andreweihrauch.de\/index.php?rest_route=\/wp\/v2\/types\/page"}],"author":[{"embeddable":true,"href":"https:\/\/liza.andreweihrauch.de\/index.php?rest_route=\/wp\/v2\/users\/1"}],"replies":[{"embeddable":true,"href":"https:\/\/liza.andreweihrauch.de\/index.php?rest_route=%2Fwp%2Fv2%2Fcomments&post=46"}],"version-history":[{"count":7,"href":"https:\/\/liza.andreweihrauch.de\/index.php?rest_route=\/wp\/v2\/pages\/46\/revisions"}],"predecessor-version":[{"id":95,"href":"https:\/\/liza.andreweihrauch.de\/index.php?rest_route=\/wp\/v2\/pages\/46\/revisions\/95"}],"wp:attachment":[{"href":"https:\/\/liza.andreweihrauch.de\/index.php?rest_route=%2Fwp%2Fv2%2Fmedia&parent=46"}],"curies":[{"name":"wp","href":"https:\/\/api.w.org\/{rel}","templated":true}]}}